{"id":12398,"date":"2023-10-01T14:44:56","date_gmt":"2023-10-01T14:44:56","guid":{"rendered":"https:\/\/zinmmoo.com\/?page_id=12398"},"modified":"2023-10-01T17:41:55","modified_gmt":"2023-10-01T17:41:55","slug":"termes-et-conditions","status":"publish","type":"page","link":"https:\/\/zinmmoo.com\/fr\/termes-et-conditions\/","title":{"rendered":"TERMES ET CONDITIONS"},"content":{"rendered":"<div data-elementor-type=\"wp-page\" data-elementor-id=\"12398\" class=\"elementor elementor-12398\">\n\t\t\t\t<div class=\"elementor-element elementor-element-b3d9de4 e-flex e-con-boxed e-con e-parent\" data-id=\"b3d9de4\" data-element_type=\"container\">\n\t\t\t\t\t<div class=\"e-con-inner\">\n\t\t\t\t<div class=\"elementor-element elementor-element-85d63f4 elementor-widget elementor-widget-text-editor\" data-id=\"85d63f4\" data-element_type=\"widget\" data-widget_type=\"text-editor.default\">\n\t\t\t\t<div class=\"elementor-widget-container\">\n\t\t\t\t\t\t\t<p>Avant de vous inscrire, assurez-vous d'avoir lu, compris et accept\u00e9 tous les termes et conditions ci-dessous.<\/p><p>Le site Web Zinmmo.com fournit le logiciel sous r\u00e9serve que vous en respectiez tous les termes et conditions. Si vous n'\u00eates pas d'accord avec eux, veuillez ne pas utiliser notre site Web et le quitter imm\u00e9diatement.<\/p><p><strong>1. Licence et DMCA<\/strong><\/p><p>Notre plugin est disponible sous licence publique g\u00e9n\u00e9rale GNU<\/p><p><strong>2. Livraison du produit<\/strong><\/p><p>Une fois le paiement confirm\u00e9, vous allez recevoir dans les 10 \u00e0 15 minutes suivant le paiement une lettre par e-mail contenant des informations sur la fa\u00e7on de t\u00e9l\u00e9charger le produit et votre licence. Veuillez utiliser une adresse e-mail valide lors de votre inscription.<\/p><p>Si vous utilisez les ch\u00e8ques \u00e9lectroniques PayPal (PayPal e-Check), le traitement de votre commande peut prendre quelques jours.<\/p><p><strong>3. Paiement et renouvellement.<\/strong><\/p><p><strong>Conditions g\u00e9n\u00e9rales.<\/strong><br \/>En s\u00e9lectionnant un produit ou un service, vous acceptez de payer \u00e0 Zinmmo Translate les frais d'abonnement annuels indiqu\u00e9s (des conditions de paiement suppl\u00e9mentaires peuvent \u00eatre incluses dans d'autres communications). Les paiements d'abonnement seront factur\u00e9s sur une base de pr\u00e9paiement le jour de votre inscription \u00e0 une mise \u00e0 niveau et couvriront l'utilisation de ce service pour une p\u00e9riode d'abonnement annuelle, comme indiqu\u00e9. Les paiements ne sont pas remboursables<\/p><p><strong>4. Politique de remboursement<\/strong><\/p><p>Toutes les ventes sont d\u00e9finitives. Aucun remboursement ne sera effectu\u00e9 sauf dans le cas o\u00f9 le produit num\u00e9rique serait totalement inutilisable.<\/p><p>Si le produit est inutilisable et totalement incompatible avec votre siteweb, il nous faut du temps pour essayer de le r\u00e9parer. Sinon, nous proc\u00e9derons \u00e0 un remboursement.<\/p><p><strong>5. Politique d'assistance<\/strong><\/p><p>Nous fournissons une assistance technique totale.\u00a0<\/p><p><strong>6. Politique de confidentialit\u00e9<\/strong><\/p><p>Toute information fournie par l'acheteur sera utilis\u00e9e uniquement aux fins de la transaction, de la livraison et des notifications concernant les nouveaux produits logiciels et les solutions \u00e0 tout probl\u00e8me de service client.<\/p><p>En vous inscrivant sur le site, vous consentez \u00e0 recevoir des messages par e-mail (abonnement \u00e0 la newsletter). Si vous souhaitez ne plus recevoir ces messages, veuillez nous en informer. Apr\u00e8s avoir re\u00e7u vos commentaires, nous supprimerons votre adresse e-mail de la liste de diffusion dans les 24 heures.<\/p><p><strong>7. Garanties<\/strong><\/p><p>Nous garantissons que notre produit ne contient aucun logiciel malveillant, virus ou publicit\u00e9.\u00a0<\/p><p><strong>8. Conditions g\u00e9n\u00e9rales<\/strong><\/p><p>Le site Internet se r\u00e9serve le droit de changer ou de modifier les termes et conditions sans pr\u00e9avis. Nous nous r\u00e9servons \u00e9galement le droit de modifier les conditions de vente de notre produit. Nous d\u00e9clinons toute responsabilit\u00e9 envers vous ou tout tiers en cas de modification des conditions de vente de produit ou d'abonnement.<\/p>\t\t\t\t\t\t<\/div>\n\t\t\t\t<\/div>\n\t\t\t\t\t<\/div>\n\t\t\t\t<\/div>\n\t\t<div class=\"elementor-element elementor-element-7e13441 e-flex e-con-boxed e-con e-parent\" data-id=\"7e13441\" data-element_type=\"container\">\n\t\t\t\t\t<div class=\"e-con-inner\">\n\t\t\t\t<div class=\"elementor-element elementor-element-57e544b elementor-widget elementor-widget-spacer\" data-id=\"57e544b\" data-element_type=\"widget\" data-widget_type=\"spacer.default\">\n\t\t\t\t<div class=\"elementor-widget-container\">\n\t\t\t\t\t<div class=\"elementor-spacer\">\n\t\t\t<div class=\"elementor-spacer-inner\"><\/div>\n\t\t<\/div>\n\t\t\t\t<\/div>\n\t\t\t\t<\/div>\n\t\t\t\t\t<\/div>\n\t\t\t\t<\/div>\n\t\t\t\t<\/div>","protected":false},"excerpt":{"rendered":"<p>Avant de vous inscrire, assurez-vous d&#8217;avoir lu, compris et accept\u00e9 tous les termes et conditions ci-dessous. Le site Web Zinmmo.com fournit le logiciel sous r\u00e9serve que vous en respectiez tous les termes et conditions. Si vous n&#8217;\u00eates pas d&#8217;accord avec eux, veuillez ne pas utiliser notre site Web et le quitter imm\u00e9diatement. 1. Licence et [&hellip;]<\/p>","protected":false},"author":1,"featured_media":0,"parent":0,"menu_order":0,"comment_status":"closed","ping_status":"closed","template":"","meta":{"footnotes":""},"class_list":["post-12398","page","type-page","status-publish","hentry"],"jetpack_sharing_enabled":true,"_links":{"self":[{"href":"https:\/\/zinmmoo.com\/fr\/wp-json\/wp\/v2\/pages\/12398","targetHints":{"allow":["GET"]}}],"collection":[{"href":"https:\/\/zinmmoo.com\/fr\/wp-json\/wp\/v2\/pages"}],"about":[{"href":"https:\/\/zinmmoo.com\/fr\/wp-json\/wp\/v2\/types\/page"}],"author":[{"embeddable":true,"href":"https:\/\/zinmmoo.com\/fr\/wp-json\/wp\/v2\/users\/1"}],"replies":[{"embeddable":true,"href":"https:\/\/zinmmoo.com\/fr\/wp-json\/wp\/v2\/comments?post=12398"}],"version-history":[{"count":10,"href":"https:\/\/zinmmoo.com\/fr\/wp-json\/wp\/v2\/pages\/12398\/revisions"}],"predecessor-version":[{"id":12470,"href":"https:\/\/zinmmoo.com\/fr\/wp-json\/wp\/v2\/pages\/12398\/revisions\/12470"}],"wp:attachment":[{"href":"https:\/\/zinmmoo.com\/fr\/wp-json\/wp\/v2\/media?parent=12398"}],"curies":[{"name":"wp","href":"https:\/\/api.w.org\/{rel}","templated":true}]}}